{"id":1071,"date":"2026-02-16T14:40:33","date_gmt":"2026-02-16T19:40:33","guid":{"rendered":"https:\/\/wordpress-production-a456.up.railway.app\/visitors\/information-of-interest\/"},"modified":"2026-02-23T10:57:58","modified_gmt":"2026-02-23T15:57:58","slug":"information-of-interest","status":"publish","type":"page","link":"https:\/\/www.feria2ruedas.com\/en\/visitors\/information-of-interest\/","title":{"rendered":"Information of interest"},"content":{"rendered":"\t\t<div data-elementor-type=\"wp-page\" data-elementor-id=\"1071\" class=\"elementor elementor-1071 elementor-969\" data-elementor-post-type=\"page\">\n\t\t\t\t<div class=\"elementor-element elementor-element-f7e4f81 e-flex e-con-boxed e-con e-parent\" data-id=\"f7e4f81\" data-element_type=\"container\" data-e-type=\"container\">\n\t\t\t\t\t<div class=\"e-con-inner\">\n\t\t\t\t<div class=\"elementor-element elementor-element-b0710bf elementor-widget elementor-widget-text-editor\" data-id=\"b0710bf\" data-element_type=\"widget\" data-e-type=\"widget\" data-widget_type=\"text-editor.default\">\n\t\t\t\t\t\t\t\t\t<h3>How to get there?<\/h3><p>\ud83d\udccdCalle 41 No. 55-35 &#8211; Medell\u00edn &#8211; Colombia.  <a href=\"https:\/\/goo.gl\/maps\/gDCiknrquhkR1EiGA\" target=\"_blank\" rel=\"noopener\">View on Maps<\/a><\/p><ul><li><p>Jos\u00e9 Mar\u00eda C\u00f3rdova International Airport: 25 minutes from the venue. Taxi fare: $132,000 COP<\/p><\/li><li><p>Olaya Herrera Regional Airport: 10 minutes from the venue.<\/p><\/li><li><p>Metro Exhibition Station: 200 m away.<\/p><\/li><\/ul><p>Taxis: minimum fare $8,300 COP.<\/p><p>Pico y Placa in Medell\u00edn: traffic restriction based on the last digit of the license plate, 5:00 am to 8:00 pm<\/p><p>Info: <a href=\"https:\/\/www.medellin.gov.co\/es\/sala-de-prensa\/noticias\/el-lunes-2-de-febrero-inicia-la-nueva-rotacion-del-pico-y-placa-en-medellin\/\" target=\"_blank\" rel=\"noopener\">www.medellin.gov.co\/movilidad<\/a> .<\/p><h3>Restrictions in Colombia:<\/h3><p>Find here the list of countries that do not require a visa to enter Colombia and, if your country of origin requires one, go to the nearest Colombian embassy.<\/p><p><a href=\"https:\/\/www.cancilleria.gov.co\/tramites_servicios\/visa\/lista-a-b-c\" target=\"_blank\" rel=\"noopener\">Countries that do not require a Colombian visa<\/a><\/p><p><a href=\"https:\/\/tramitesmre.cancilleria.gov.co\/tramites\/enlinea\/solicitarVisa.xhtml\" target=\"_blank\" rel=\"noopener\">Apply for a Colombian visa<\/a><\/p><div class=\"flex flex-col gap-10\"><div class=\"text-2xl markdown\"> <\/div><\/div>\t\t\t\t\t\t\t\t<\/div>\n\t\t\t\t\t<\/div>\n\t\t\t\t<\/div>\n\t\t\t\t<\/div>\n\t\t","protected":false},"excerpt":{"rendered":"<p>How to get there? \ud83d\udccdCalle 41 No. 55-35 &#8211; Medell\u00edn &#8211; Colombia. View on Maps Jos\u00e9 Mar\u00eda C\u00f3rdova International Airport: 25 minutes from the venue. Taxi fare: $132,000 COP Olaya Herrera Regional Airport: 10 minutes from the venue. Metro Exhibition Station: 200 m away. Taxis: minimum fare $8,300 COP. Pico y Placa in Medell\u00edn: traffic [&hellip;]<\/p>\n","protected":false},"author":1,"featured_media":2409,"parent":1044,"menu_order":0,"comment_status":"closed","ping_status":"closed","template":"","meta":{"_acf_changed":false,"footnotes":""},"class_list":["post-1071","page","type-page","status-publish","has-post-thumbnail","hentry"],"acf":[],"_links":{"self":[{"href":"https:\/\/www.feria2ruedas.com\/en\/wp-json\/wp\/v2\/pages\/1071","targetHints":{"allow":["GET"]}}],"collection":[{"href":"https:\/\/www.feria2ruedas.com\/en\/wp-json\/wp\/v2\/pages"}],"about":[{"href":"https:\/\/www.feria2ruedas.com\/en\/wp-json\/wp\/v2\/types\/page"}],"author":[{"embeddable":true,"href":"https:\/\/www.feria2ruedas.com\/en\/wp-json\/wp\/v2\/users\/1"}],"replies":[{"embeddable":true,"href":"https:\/\/www.feria2ruedas.com\/en\/wp-json\/wp\/v2\/comments?post=1071"}],"version-history":[{"count":2,"href":"https:\/\/www.feria2ruedas.com\/en\/wp-json\/wp\/v2\/pages\/1071\/revisions"}],"predecessor-version":[{"id":3243,"href":"https:\/\/www.feria2ruedas.com\/en\/wp-json\/wp\/v2\/pages\/1071\/revisions\/3243"}],"up":[{"embeddable":true,"href":"https:\/\/www.feria2ruedas.com\/en\/wp-json\/wp\/v2\/pages\/1044"}],"wp:featuredmedia":[{"embeddable":true,"href":"https:\/\/www.feria2ruedas.com\/en\/wp-json\/wp\/v2\/media\/2409"}],"wp:attachment":[{"href":"https:\/\/www.feria2ruedas.com\/en\/wp-json\/wp\/v2\/media?parent=1071"}],"curies":[{"name":"wp","href":"https:\/\/api.w.org\/{rel}","templated":true}]}}